{"id":23,"date":"2022-09-10T16:36:33","date_gmt":"2022-09-10T16:36:33","guid":{"rendered":"https:\/\/gruasymontacargas.com\/?page_id=23"},"modified":"2025-06-25T16:57:20","modified_gmt":"2025-06-25T16:57:20","slug":"beautiful-portfolios-for-exceptional-creatives","status":"publish","type":"page","link":"https:\/\/gruasymontacargas.com\/","title":{"rendered":"Servicio Especializado de Gr\u00faas y Montacargas Para Fabricas y Empresas"},"content":{"rendered":"\n<h2 class=\"wp-block-heading has-text-align-center\"><strong>Trabajando para el Desarrollo de tu Empresa en Per\u00fa<\/strong><\/h2>\n\n\n\n<div style=\"height:55px\" aria-hidden=\"true\" class=\"wp-block-spacer\"><\/div>\n\n\n\n<div class=\"wp-block-group alignfull has-background is-layout-flow wp-block-group-is-layout-flow\" style=\"background-color:#e5e9ec\">\n<div class=\"wp-block-columns is-layout-flex wp-container-core-columns-is-layout-1 wp-block-columns-is-layout-flex\">\n<div class=\"wp-block-column is-vertically-aligned-center is-layout-flow wp-block-column-is-layout-flow\">\n<h1 class=\"wp-block-heading\">Nosotros<\/h1>\n\n\n\n<p class=\"has-black-color has-text-color has-link-color wp-elements-b2737ca7aa3bef87e3edf2105c183bd2\">Ofrecemos un servicio basado en la innovaci\u00f3n y calidad, contamos con un equipo de profesionales en constante capacitaci\u00f3n.<br><\/p>\n\n\n\n<p class=\"has-black-color has-text-color has-link-color wp-elements-2b5a7c4d3ec479733838820526fc00b2\">Nuestra amplia experiencia nos da la experiencia y eficiencia que su empresa necesita para conseguir sus resultados de una forma segura y eficaz.<\/p>\n\n\n\n<div class=\"wp-block-buttons is-horizontal is-content-justification-left is-layout-flex wp-container-core-buttons-is-layout-1 wp-block-buttons-is-layout-flex\">\n<div class=\"wp-block-button is-style-outline\"><a class=\"wp-block-button__link wp-element-button\" href=\"https:\/\/gruasymontacargas.com\/?page_id=24\">nuestra historia<\/a><\/div>\n<\/div>\n<\/div>\n\n\n\n<div class=\"wp-block-column is-layout-flow wp-block-column-is-layout-flow\">\n<div style=\"height:48px\" aria-hidden=\"true\" class=\"wp-block-spacer\"><\/div>\n\n\n\n<figure class=\"wp-block-image size-large\"><img loading=\"lazy\" decoding=\"async\" width=\"1024\" height=\"576\" src=\"http:\/\/gruasymontacargas.com\/wp-content\/uploads\/2022\/09\/10-1024x576.png\" alt=\"\" class=\"wp-image-124\" srcset=\"https:\/\/gruasymontacargas.com\/wp-content\/uploads\/2022\/09\/10-1024x576.png 1024w, https:\/\/gruasymontacargas.com\/wp-content\/uploads\/2022\/09\/10-300x169.png 300w, https:\/\/gruasymontacargas.com\/wp-content\/uploads\/2022\/09\/10-768x432.png 768w, https:\/\/gruasymontacargas.com\/wp-content\/uploads\/2022\/09\/10.png 1366w\" sizes=\"(max-width: 1024px) 100vw, 1024px\" \/><\/figure>\n<\/div>\n<\/div>\n<\/div>\n\n\n\n<div class=\"wp-block-group alignfull is-layout-flow wp-block-group-is-layout-flow\">\n<div class=\"wp-block-columns are-vertically-aligned-center is-layout-flex wp-container-core-columns-is-layout-2 wp-block-columns-is-layout-flex\">\n<div class=\"wp-block-column is-vertically-aligned-center is-layout-flow wp-block-column-is-layout-flow\">\n<div style=\"height:48px\" aria-hidden=\"true\" class=\"wp-block-spacer\"><\/div>\n\n\n\n<figure class=\"wp-block-image size-large\"><img loading=\"lazy\" decoding=\"async\" width=\"1024\" height=\"576\" src=\"https:\/\/gruasymontacargas.com\/wp-content\/uploads\/2022\/09\/4-1-1024x576.png\" alt=\"\" class=\"wp-image-126\" srcset=\"https:\/\/gruasymontacargas.com\/wp-content\/uploads\/2022\/09\/4-1-1024x576.png 1024w, https:\/\/gruasymontacargas.com\/wp-content\/uploads\/2022\/09\/4-1-300x169.png 300w, https:\/\/gruasymontacargas.com\/wp-content\/uploads\/2022\/09\/4-1-768x432.png 768w, https:\/\/gruasymontacargas.com\/wp-content\/uploads\/2022\/09\/4-1.png 1366w\" sizes=\"(max-width: 1024px) 100vw, 1024px\" \/><\/figure>\n<\/div>\n\n\n\n<div class=\"wp-block-column is-vertically-aligned-center is-layout-flow wp-block-column-is-layout-flow\">\n<h1 class=\"wp-block-heading\">Nuestros Servicios<\/h1>\n\n\n\n<p class=\"has-black-color has-text-color has-link-color wp-elements-8e5cdb1b0ed6bf7edfeba3dce6dab9cb\">Somos un grupo de profesionales con m\u00e1s de 14 a\u00f1os de experiencia. <\/p>\n\n\n\n<p class=\"has-black-color has-text-color has-link-color wp-elements-289509464d5f44630c89ff23952411fa\">Contamos con :<br>Gr\u00faas telesc\u00f3picas de 20 a 220 TN, Gr\u00faas Articuladas de 2 a 25 TN, Montacargas de 2 a 15 TN, Gr\u00faas de Auxilio Mec\u00e1nico, Reparaci\u00f3n de Sistemas Hidr\u00e1ulicos y Maniobras en General.<\/p>\n\n\n\n<div class=\"wp-block-buttons is-layout-flex wp-block-buttons-is-layout-flex\">\n<div class=\"wp-block-button is-style-outline\"><a class=\"wp-block-button__link wp-element-button\" href=\"https:\/\/gruasymontacargas.com\/?page_id=32\">catalogo<\/a><\/div>\n<\/div>\n<\/div>\n<\/div>\n<\/div>\n\n\n\n<div class=\"wp-block-columns is-layout-flex wp-container-core-columns-is-layout-3 wp-block-columns-is-layout-flex\">\n<div class=\"wp-block-column is-layout-flow wp-block-column-is-layout-flow\">\n<figure class=\"wp-block-image size-full is-resized\"><img loading=\"lazy\" decoding=\"async\" width=\"305\" height=\"301\" src=\"https:\/\/gruasymontacargas.com\/wp-content\/uploads\/2023\/04\/Screenshot_1033.png\" alt=\"\" class=\"wp-image-353\" style=\"width:237px;height:auto\" srcset=\"https:\/\/gruasymontacargas.com\/wp-content\/uploads\/2023\/04\/Screenshot_1033.png 305w, https:\/\/gruasymontacargas.com\/wp-content\/uploads\/2023\/04\/Screenshot_1033-300x296.png 300w\" sizes=\"(max-width: 305px) 100vw, 305px\" \/><\/figure>\n\n\n\n<h3 class=\"wp-block-heading has-text-align-center has-medium-font-size\">SIEMPRE ABIERTO<br>PARA TI<\/h3>\n\n\n\n<p class=\"has-text-align-center has-medium-font-size\">Trabajamos las 24 horas domingos y feriados<\/p>\n<\/div>\n\n\n\n<div class=\"wp-block-column is-layout-flow wp-block-column-is-layout-flow\">\n<figure class=\"wp-block-image size-full is-resized\"><img loading=\"lazy\" decoding=\"async\" width=\"453\" height=\"430\" src=\"https:\/\/gruasymontacargas.com\/wp-content\/uploads\/2023\/04\/Screenshot_1038-1.png\" alt=\"\" class=\"wp-image-369\" style=\"aspect-ratio:1.0581818181818181;width:253px;height:auto\" srcset=\"https:\/\/gruasymontacargas.com\/wp-content\/uploads\/2023\/04\/Screenshot_1038-1.png 453w, https:\/\/gruasymontacargas.com\/wp-content\/uploads\/2023\/04\/Screenshot_1038-1-300x285.png 300w\" sizes=\"(max-width: 453px) 100vw, 453px\" \/><\/figure>\n\n\n\n<h3 class=\"wp-block-heading has-text-align-center has-medium-font-size\">IMBATIBLE<br>PRECIOS<\/h3>\n\n\n\n<p class=\"has-text-align-center has-medium-font-size\">Precios super c\u00f3modos para ti<\/p>\n<\/div>\n\n\n\n<div class=\"wp-block-column is-layout-flow wp-block-column-is-layout-flow\">\n<figure class=\"wp-block-image size-full is-resized\"><img loading=\"lazy\" decoding=\"async\" width=\"506\" height=\"523\" src=\"https:\/\/gruasymontacargas.com\/wp-content\/uploads\/2023\/04\/Screenshot_1036.png\" alt=\"\" class=\"wp-image-356\" style=\"aspect-ratio:0.9763513513513513;width:249px;height:auto\" srcset=\"https:\/\/gruasymontacargas.com\/wp-content\/uploads\/2023\/04\/Screenshot_1036.png 506w, https:\/\/gruasymontacargas.com\/wp-content\/uploads\/2023\/04\/Screenshot_1036-290x300.png 290w\" sizes=\"(max-width: 506px) 100vw, 506px\" \/><\/figure>\n\n\n\n<p class=\"has-text-align-center has-black-color has-text-color has-medium-font-size\"><strong>PROFESIONALMENTE CALIFICADO<\/strong><\/p>\n\n\n\n<p class=\"has-text-align-center has-medium-font-size\">Somos profesionales en servicio de gr\u00faa con altas calificaciones<\/p>\n<\/div>\n<\/div>\n\n\n\n<div class=\"wp-block-group alignfull has-black-background-color has-background is-layout-flow wp-block-group-is-layout-flow\">\n<h2 class=\"wp-block-heading has-text-align-center has-white-color has-text-color\"><strong>Algunos de nuestros proyectos<\/strong><\/h2>\n\n\n\n<figure class=\"wp-block-gallery aligncenter has-nested-images columns-default is-cropped wp-block-gallery-1 is-layout-flex wp-block-gallery-is-layout-flex\">\n<figure class=\"wp-block-image size-large is-style-default\"><img loading=\"lazy\" decoding=\"async\" width=\"1024\" height=\"684\" src=\"https:\/\/gruasymontacargas.com\/wp-content\/uploads\/2025\/06\/WhatsApp-Image-2023-01-20-at-10.51.27-AM-1024x684.jpeg\" alt=\"\" class=\"wp-image-470\" srcset=\"https:\/\/gruasymontacargas.com\/wp-content\/uploads\/2025\/06\/WhatsApp-Image-2023-01-20-at-10.51.27-AM-1024x684.jpeg 1024w, https:\/\/gruasymontacargas.com\/wp-content\/uploads\/2025\/06\/WhatsApp-Image-2023-01-20-at-10.51.27-AM-300x200.jpeg 300w, https:\/\/gruasymontacargas.com\/wp-content\/uploads\/2025\/06\/WhatsApp-Image-2023-01-20-at-10.51.27-AM-768x513.jpeg 768w, https:\/\/gruasymontacargas.com\/wp-content\/uploads\/2025\/06\/WhatsApp-Image-2023-01-20-at-10.51.27-AM.jpeg 1181w\" sizes=\"(max-width: 1024px) 100vw, 1024px\" \/><\/figure>\n\n\n\n<figure class=\"wp-block-image size-full\"><img loading=\"lazy\" decoding=\"async\" width=\"859\" height=\"986\" src=\"https:\/\/gruasymontacargas.com\/wp-content\/uploads\/2025\/06\/T1.jpeg\" alt=\"\" class=\"wp-image-469\" srcset=\"https:\/\/gruasymontacargas.com\/wp-content\/uploads\/2025\/06\/T1.jpeg 859w, https:\/\/gruasymontacargas.com\/wp-content\/uploads\/2025\/06\/T1-261x300.jpeg 261w, https:\/\/gruasymontacargas.com\/wp-content\/uploads\/2025\/06\/T1-768x882.jpeg 768w\" sizes=\"(max-width: 859px) 100vw, 859px\" \/><\/figure>\n\n\n\n<figure class=\"wp-block-image size-large\"><img loading=\"lazy\" decoding=\"async\" width=\"873\" height=\"1024\" src=\"https:\/\/gruasymontacargas.com\/wp-content\/uploads\/2025\/06\/1WWD-873x1024.jpeg\" alt=\"\" class=\"wp-image-468\" srcset=\"https:\/\/gruasymontacargas.com\/wp-content\/uploads\/2025\/06\/1WWD-873x1024.jpeg 873w, https:\/\/gruasymontacargas.com\/wp-content\/uploads\/2025\/06\/1WWD-256x300.jpeg 256w, https:\/\/gruasymontacargas.com\/wp-content\/uploads\/2025\/06\/1WWD-768x901.jpeg 768w, https:\/\/gruasymontacargas.com\/wp-content\/uploads\/2025\/06\/1WWD.jpeg 1130w\" sizes=\"(max-width: 873px) 100vw, 873px\" \/><\/figure>\n\n\n\n<figure class=\"wp-block-image size-large\"><img loading=\"lazy\" decoding=\"async\" width=\"1024\" height=\"576\" src=\"https:\/\/gruasymontacargas.com\/wp-content\/uploads\/2022\/09\/1-1024x576.png\" alt=\"\" class=\"wp-image-127\" srcset=\"https:\/\/gruasymontacargas.com\/wp-content\/uploads\/2022\/09\/1-1024x576.png 1024w, https:\/\/gruasymontacargas.com\/wp-content\/uploads\/2022\/09\/1-300x169.png 300w, https:\/\/gruasymontacargas.com\/wp-content\/uploads\/2022\/09\/1-768x432.png 768w, https:\/\/gruasymontacargas.com\/wp-content\/uploads\/2022\/09\/1.png 1366w\" sizes=\"(max-width: 1024px) 100vw, 1024px\" \/><\/figure>\n\n\n\n<figure class=\"wp-block-image size-large\"><img loading=\"lazy\" decoding=\"async\" width=\"1024\" height=\"576\" src=\"http:\/\/gruasymontacargas.com\/wp-content\/uploads\/2022\/09\/4-1-1024x576.png\" alt=\"\" class=\"wp-image-126\" srcset=\"https:\/\/gruasymontacargas.com\/wp-content\/uploads\/2022\/09\/4-1-1024x576.png 1024w, https:\/\/gruasymontacargas.com\/wp-content\/uploads\/2022\/09\/4-1-300x169.png 300w, https:\/\/gruasymontacargas.com\/wp-content\/uploads\/2022\/09\/4-1-768x432.png 768w, https:\/\/gruasymontacargas.com\/wp-content\/uploads\/2022\/09\/4-1.png 1366w\" sizes=\"(max-width: 1024px) 100vw, 1024px\" \/><\/figure>\n\n\n\n<figure class=\"wp-block-image size-large\"><img loading=\"lazy\" decoding=\"async\" width=\"1024\" height=\"576\" src=\"http:\/\/gruasymontacargas.com\/wp-content\/uploads\/2022\/09\/11-1024x576.png\" alt=\"\" class=\"wp-image-128\" srcset=\"https:\/\/gruasymontacargas.com\/wp-content\/uploads\/2022\/09\/11-1024x576.png 1024w, https:\/\/gruasymontacargas.com\/wp-content\/uploads\/2022\/09\/11-300x169.png 300w, https:\/\/gruasymontacargas.com\/wp-content\/uploads\/2022\/09\/11-768x432.png 768w, https:\/\/gruasymontacargas.com\/wp-content\/uploads\/2022\/09\/11.png 1366w\" sizes=\"(max-width: 1024px) 100vw, 1024px\" \/><\/figure>\n\n\n\n<figure class=\"wp-block-image size-large\"><img loading=\"lazy\" decoding=\"async\" width=\"1024\" height=\"845\" src=\"https:\/\/gruasymontacargas.com\/wp-content\/uploads\/2025\/06\/IU-1024x845.jpeg\" alt=\"\" class=\"wp-image-471\" srcset=\"https:\/\/gruasymontacargas.com\/wp-content\/uploads\/2025\/06\/IU-1024x845.jpeg 1024w, https:\/\/gruasymontacargas.com\/wp-content\/uploads\/2025\/06\/IU-300x248.jpeg 300w, https:\/\/gruasymontacargas.com\/wp-content\/uploads\/2025\/06\/IU-768x634.jpeg 768w, https:\/\/gruasymontacargas.com\/wp-content\/uploads\/2025\/06\/IU-1536x1268.jpeg 1536w, https:\/\/gruasymontacargas.com\/wp-content\/uploads\/2025\/06\/IU-2048x1690.jpeg 2048w, https:\/\/gruasymontacargas.com\/wp-content\/uploads\/2025\/06\/IU-2000x1651.jpeg 2000w\" sizes=\"(max-width: 1024px) 100vw, 1024px\" \/><\/figure>\n\n\n\n<figure class=\"wp-block-image size-large\"><img loading=\"lazy\" decoding=\"async\" width=\"1024\" height=\"576\" src=\"http:\/\/gruasymontacargas.com\/wp-content\/uploads\/2022\/09\/9-1024x576.png\" alt=\"\" class=\"wp-image-133\" srcset=\"https:\/\/gruasymontacargas.com\/wp-content\/uploads\/2022\/09\/9-1024x576.png 1024w, https:\/\/gruasymontacargas.com\/wp-content\/uploads\/2022\/09\/9-300x169.png 300w, https:\/\/gruasymontacargas.com\/wp-content\/uploads\/2022\/09\/9-768x432.png 768w, https:\/\/gruasymontacargas.com\/wp-content\/uploads\/2022\/09\/9.png 1366w\" sizes=\"(max-width: 1024px) 100vw, 1024px\" \/><\/figure>\n\n\n\n<figure class=\"wp-block-image size-large\"><img loading=\"lazy\" decoding=\"async\" width=\"2560\" height=\"1440\" src=\"https:\/\/gruasymontacargas.com\/wp-content\/uploads\/2025\/06\/Diseno-sin-titulo-3-edited-scaled.jpg\" alt=\"\" class=\"wp-image-473\" srcset=\"https:\/\/gruasymontacargas.com\/wp-content\/uploads\/2025\/06\/Diseno-sin-titulo-3-edited-scaled.jpg 2560w, https:\/\/gruasymontacargas.com\/wp-content\/uploads\/2025\/06\/Diseno-sin-titulo-3-edited-300x169.jpg 300w, https:\/\/gruasymontacargas.com\/wp-content\/uploads\/2025\/06\/Diseno-sin-titulo-3-edited-1024x576.jpg 1024w, https:\/\/gruasymontacargas.com\/wp-content\/uploads\/2025\/06\/Diseno-sin-titulo-3-edited-768x432.jpg 768w, https:\/\/gruasymontacargas.com\/wp-content\/uploads\/2025\/06\/Diseno-sin-titulo-3-edited-1536x864.jpg 1536w, https:\/\/gruasymontacargas.com\/wp-content\/uploads\/2025\/06\/Diseno-sin-titulo-3-edited-2048x1152.jpg 2048w, https:\/\/gruasymontacargas.com\/wp-content\/uploads\/2025\/06\/Diseno-sin-titulo-3-edited-2000x1125.jpg 2000w\" sizes=\"(max-width: 2560px) 100vw, 2560px\" \/><\/figure>\n\n\n\n<figure class=\"wp-block-image size-large\"><img loading=\"lazy\" decoding=\"async\" width=\"874\" height=\"1024\" src=\"https:\/\/gruasymontacargas.com\/wp-content\/uploads\/2025\/06\/1W-874x1024.jpeg\" alt=\"\" class=\"wp-image-467\" srcset=\"https:\/\/gruasymontacargas.com\/wp-content\/uploads\/2025\/06\/1W-874x1024.jpeg 874w, https:\/\/gruasymontacargas.com\/wp-content\/uploads\/2025\/06\/1W-256x300.jpeg 256w, https:\/\/gruasymontacargas.com\/wp-content\/uploads\/2025\/06\/1W-768x899.jpeg 768w, https:\/\/gruasymontacargas.com\/wp-content\/uploads\/2025\/06\/1W-1312x1536.jpeg 1312w, https:\/\/gruasymontacargas.com\/wp-content\/uploads\/2025\/06\/1W-1749x2048.jpeg 1749w, https:\/\/gruasymontacargas.com\/wp-content\/uploads\/2025\/06\/1W-2000x2342.jpeg 2000w\" sizes=\"(max-width: 874px) 100vw, 874px\" \/><\/figure>\n\n\n\n<figure class=\"wp-block-image size-large\"><img loading=\"lazy\" decoding=\"async\" width=\"1024\" height=\"951\" src=\"https:\/\/gruasymontacargas.com\/wp-content\/uploads\/2025\/06\/WhatsApp-Image-2024-03-02-at-1.40.34-PM-1-1024x951.jpeg\" alt=\"\" class=\"wp-image-465\" srcset=\"https:\/\/gruasymontacargas.com\/wp-content\/uploads\/2025\/06\/WhatsApp-Image-2024-03-02-at-1.40.34-PM-1-1024x951.jpeg 1024w, https:\/\/gruasymontacargas.com\/wp-content\/uploads\/2025\/06\/WhatsApp-Image-2024-03-02-at-1.40.34-PM-1-300x279.jpeg 300w, https:\/\/gruasymontacargas.com\/wp-content\/uploads\/2025\/06\/WhatsApp-Image-2024-03-02-at-1.40.34-PM-1-768x714.jpeg 768w, https:\/\/gruasymontacargas.com\/wp-content\/uploads\/2025\/06\/WhatsApp-Image-2024-03-02-at-1.40.34-PM-1.jpeg 1156w\" sizes=\"(max-width: 1024px) 100vw, 1024px\" \/><\/figure>\n\n\n\n<figure class=\"wp-block-image size-full\"><img loading=\"lazy\" decoding=\"async\" width=\"779\" height=\"784\" src=\"https:\/\/gruasymontacargas.com\/wp-content\/uploads\/2025\/06\/WhatsApp-Image-2023-10-11-at-1.40.33-PM.jpeg\" alt=\"\" class=\"wp-image-464\" srcset=\"https:\/\/gruasymontacargas.com\/wp-content\/uploads\/2025\/06\/WhatsApp-Image-2023-10-11-at-1.40.33-PM.jpeg 779w, https:\/\/gruasymontacargas.com\/wp-content\/uploads\/2025\/06\/WhatsApp-Image-2023-10-11-at-1.40.33-PM-298x300.jpeg 298w, https:\/\/gruasymontacargas.com\/wp-content\/uploads\/2025\/06\/WhatsApp-Image-2023-10-11-at-1.40.33-PM-150x150.jpeg 150w, https:\/\/gruasymontacargas.com\/wp-content\/uploads\/2025\/06\/WhatsApp-Image-2023-10-11-at-1.40.33-PM-768x773.jpeg 768w\" sizes=\"(max-width: 779px) 100vw, 779px\" \/><\/figure>\n\n\n\n<figure class=\"wp-block-image size-large\"><img loading=\"lazy\" decoding=\"async\" width=\"1024\" height=\"804\" src=\"https:\/\/gruasymontacargas.com\/wp-content\/uploads\/2025\/06\/WhatsApp-Image-2023-09-01-at-5.29.19-PM-1024x804.jpeg\" alt=\"\" class=\"wp-image-462\" srcset=\"https:\/\/gruasymontacargas.com\/wp-content\/uploads\/2025\/06\/WhatsApp-Image-2023-09-01-at-5.29.19-PM-1024x804.jpeg 1024w, https:\/\/gruasymontacargas.com\/wp-content\/uploads\/2025\/06\/WhatsApp-Image-2023-09-01-at-5.29.19-PM-300x236.jpeg 300w, https:\/\/gruasymontacargas.com\/wp-content\/uploads\/2025\/06\/WhatsApp-Image-2023-09-01-at-5.29.19-PM-768x603.jpeg 768w, https:\/\/gruasymontacargas.com\/wp-content\/uploads\/2025\/06\/WhatsApp-Image-2023-09-01-at-5.29.19-PM.jpeg 1107w\" sizes=\"(max-width: 1024px) 100vw, 1024px\" \/><\/figure>\n\n\n\n<figure class=\"wp-block-image size-full\"><img loading=\"lazy\" decoding=\"async\" width=\"920\" height=\"911\" src=\"https:\/\/gruasymontacargas.com\/wp-content\/uploads\/2025\/06\/WhatsApp-Image-2023-08-18-at-2.31.27-PM-2.jpeg\" alt=\"\" class=\"wp-image-461\" srcset=\"https:\/\/gruasymontacargas.com\/wp-content\/uploads\/2025\/06\/WhatsApp-Image-2023-08-18-at-2.31.27-PM-2.jpeg 920w, https:\/\/gruasymontacargas.com\/wp-content\/uploads\/2025\/06\/WhatsApp-Image-2023-08-18-at-2.31.27-PM-2-300x297.jpeg 300w, https:\/\/gruasymontacargas.com\/wp-content\/uploads\/2025\/06\/WhatsApp-Image-2023-08-18-at-2.31.27-PM-2-150x150.jpeg 150w, https:\/\/gruasymontacargas.com\/wp-content\/uploads\/2025\/06\/WhatsApp-Image-2023-08-18-at-2.31.27-PM-2-768x760.jpeg 768w\" sizes=\"(max-width: 920px) 100vw, 920px\" \/><\/figure>\n\n\n\n<figure class=\"wp-block-image size-large\"><img loading=\"lazy\" decoding=\"async\" width=\"1013\" height=\"1024\" src=\"https:\/\/gruasymontacargas.com\/wp-content\/uploads\/2025\/06\/WhatsApp-Image-2023-01-20-at-10.51.29-AM-1-1013x1024.jpeg\" alt=\"\" class=\"wp-image-460\" srcset=\"https:\/\/gruasymontacargas.com\/wp-content\/uploads\/2025\/06\/WhatsApp-Image-2023-01-20-at-10.51.29-AM-1-1013x1024.jpeg 1013w, https:\/\/gruasymontacargas.com\/wp-content\/uploads\/2025\/06\/WhatsApp-Image-2023-01-20-at-10.51.29-AM-1-297x300.jpeg 297w, https:\/\/gruasymontacargas.com\/wp-content\/uploads\/2025\/06\/WhatsApp-Image-2023-01-20-at-10.51.29-AM-1-768x776.jpeg 768w, https:\/\/gruasymontacargas.com\/wp-content\/uploads\/2025\/06\/WhatsApp-Image-2023-01-20-at-10.51.29-AM-1.jpeg 1200w\" sizes=\"(max-width: 1013px) 100vw, 1013px\" \/><\/figure>\n\n\n\n<figure class=\"wp-block-image size-full\"><img loading=\"lazy\" decoding=\"async\" width=\"397\" height=\"362\" src=\"https:\/\/gruasymontacargas.com\/wp-content\/uploads\/2023\/04\/Screenshot_1030-1.png\" alt=\"\" class=\"wp-image-379\" srcset=\"https:\/\/gruasymontacargas.com\/wp-content\/uploads\/2023\/04\/Screenshot_1030-1.png 397w, https:\/\/gruasymontacargas.com\/wp-content\/uploads\/2023\/04\/Screenshot_1030-1-300x274.png 300w\" sizes=\"(max-width: 397px) 100vw, 397px\" \/><\/figure>\n\n\n\n<figure class=\"wp-block-image size-large\"><img loading=\"lazy\" decoding=\"async\" width=\"1024\" height=\"650\" src=\"https:\/\/gruasymontacargas.com\/wp-content\/uploads\/2025\/06\/WhatsApp-Image-2022-09-25-at-8.42.31-AM-1024x650.jpeg\" alt=\"\" class=\"wp-image-459\" srcset=\"https:\/\/gruasymontacargas.com\/wp-content\/uploads\/2025\/06\/WhatsApp-Image-2022-09-25-at-8.42.31-AM-1024x650.jpeg 1024w, https:\/\/gruasymontacargas.com\/wp-content\/uploads\/2025\/06\/WhatsApp-Image-2022-09-25-at-8.42.31-AM-300x191.jpeg 300w, https:\/\/gruasymontacargas.com\/wp-content\/uploads\/2025\/06\/WhatsApp-Image-2022-09-25-at-8.42.31-AM-768x488.jpeg 768w, https:\/\/gruasymontacargas.com\/wp-content\/uploads\/2025\/06\/WhatsApp-Image-2022-09-25-at-8.42.31-AM.jpeg 1080w\" sizes=\"(max-width: 1024px) 100vw, 1024px\" \/><\/figure>\n\n\n\n<figure class=\"wp-block-image size-full is-style-default\"><img loading=\"lazy\" decoding=\"async\" width=\"944\" height=\"952\" src=\"https:\/\/gruasymontacargas.com\/wp-content\/uploads\/2025\/06\/WhatsApp-Image-2024-04-06-at-9.43.56-PM-1.jpeg\" alt=\"\" class=\"wp-image-458\" srcset=\"https:\/\/gruasymontacargas.com\/wp-content\/uploads\/2025\/06\/WhatsApp-Image-2024-04-06-at-9.43.56-PM-1.jpeg 944w, https:\/\/gruasymontacargas.com\/wp-content\/uploads\/2025\/06\/WhatsApp-Image-2024-04-06-at-9.43.56-PM-1-297x300.jpeg 297w, https:\/\/gruasymontacargas.com\/wp-content\/uploads\/2025\/06\/WhatsApp-Image-2024-04-06-at-9.43.56-PM-1-150x150.jpeg 150w, https:\/\/gruasymontacargas.com\/wp-content\/uploads\/2025\/06\/WhatsApp-Image-2024-04-06-at-9.43.56-PM-1-768x775.jpeg 768w\" sizes=\"(max-width: 944px) 100vw, 944px\" \/><\/figure>\n<\/figure>\n<\/div>\n\n\n\n<div class=\"wp-block-cover alignfull is-light has-parallax is-position-center-center\" style=\"min-height:375px;aspect-ratio:unset;\"><span aria-hidden=\"true\" class=\"wp-block-cover__background has-black-background-color has-background-dim-40 has-background-dim\"><\/span><div class=\"wp-block-cover__image-background wp-image-285 has-parallax\" style=\"background-position:50% 50%;background-image:url(https:\/\/gruasymontacargas.com\/wp-content\/uploads\/2023\/03\/15.png)\"><\/div><div class=\"wp-block-cover__inner-container is-layout-flow wp-block-cover-is-layout-flow\">\n<h2 class=\"wp-block-heading has-text-align-center has-text-color has-huge-font-size\" style=\"color:#fffffa\"><strong>Gr\u00faas y Montacargas Sunmar<\/strong><\/h2>\n\n\n\n<h2 class=\"wp-block-heading has-text-align-center\"><strong><mark style=\"background-color:rgba(0, 0, 0, 0)\" class=\"has-inline-color has-white-color\">El mejor Aliado de tu Empresa<\/mark><\/strong><\/h2>\n\n\n\n<div class=\"wp-block-buttons is-horizontal is-content-justification-center is-layout-flex wp-container-core-buttons-is-layout-3 wp-block-buttons-is-layout-flex\">\n<div class=\"wp-block-button is-style-outline\"><a class=\"wp-block-button__link has-white-color has-text-color wp-element-button\" href=\"https:\/\/wa.me\/51977149938\" target=\"_blank\" rel=\"noreferrer noopener\">ContaCTANOS<\/a><\/div>\n<\/div>\n<\/div><\/div>\n","protected":false},"excerpt":{"rendered":"<p>Trabajando para el Desarrollo de tu Empresa en Per\u00fa Nosotros Ofrecemos un servicio basado en la innovaci\u00f3n y calidad, contamos con un equipo de profesionales en constante capacitaci\u00f3n. Nuestra amplia experiencia nos da la experiencia y eficiencia que su empresa necesita para conseguir sus resultados de una forma segura y eficaz. Nuestros Servicios Somos un &hellip; <\/p>\n<p class=\"link-more\"><a href=\"https:\/\/gruasymontacargas.com\/\" class=\"more-link\">Read more<span class=\"screen-reader-text\"> \u00abServicio Especializado de Gr\u00faas y Montacargas Para Fabricas y Empresas\u00bb<\/span><\/a><\/p>\n","protected":false},"author":1,"featured_media":0,"parent":0,"menu_order":0,"comment_status":"closed","ping_status":"closed","template":"","meta":{"om_disable_all_campaigns":false,"_monsterinsights_skip_tracking":false,"_monsterinsights_sitenote_active":false,"_monsterinsights_sitenote_note":"","_monsterinsights_sitenote_category":0,"footnotes":""},"aioseo_notices":[],"_links":{"self":[{"href":"https:\/\/gruasymontacargas.com\/index.php?rest_route=\/wp\/v2\/pages\/23"}],"collection":[{"href":"https:\/\/gruasymontacargas.com\/index.php?rest_route=\/wp\/v2\/pages"}],"about":[{"href":"https:\/\/gruasymontacargas.com\/index.php?rest_route=\/wp\/v2\/types\/page"}],"author":[{"embeddable":true,"href":"https:\/\/gruasymontacargas.com\/index.php?rest_route=\/wp\/v2\/users\/1"}],"replies":[{"embeddable":true,"href":"https:\/\/gruasymontacargas.com\/index.php?rest_route=%2Fwp%2Fv2%2Fcomments&post=23"}],"version-history":[{"count":31,"href":"https:\/\/gruasymontacargas.com\/index.php?rest_route=\/wp\/v2\/pages\/23\/revisions"}],"predecessor-version":[{"id":480,"href":"https:\/\/gruasymontacargas.com\/index.php?rest_route=\/wp\/v2\/pages\/23\/revisions\/480"}],"wp:attachment":[{"href":"https:\/\/gruasymontacargas.com\/index.php?rest_route=%2Fwp%2Fv2%2Fmedia&parent=23"}],"curies":[{"name":"wp","href":"https:\/\/api.w.org\/{rel}","templated":true}]}}