{"id":24,"date":"2022-09-10T16:36:33","date_gmt":"2022-09-10T16:36:33","guid":{"rendered":"https:\/\/gruasymontacargas.com\/?page_id=24"},"modified":"2025-06-25T17:05:19","modified_gmt":"2025-06-25T17:05:19","slug":"about","status":"publish","type":"page","link":"https:\/\/gruasymontacargas.com\/?page_id=24","title":{"rendered":"Nosotros"},"content":{"rendered":"\n<div class=\"wp-block-cover alignfull is-light has-parallax\" style=\"min-height:316px;aspect-ratio:unset;\"><span aria-hidden=\"true\" class=\"wp-block-cover__background has-background-dim-20 has-background-dim\"><\/span><div class=\"wp-block-cover__image-background wp-image-262 has-parallax\" style=\"background-position:50% 50%;background-image:url(https:\/\/gruasymontacargas.com\/wp-content\/uploads\/2023\/03\/Diseno-sin-titulo-17.png)\"><\/div><div class=\"wp-block-cover__inner-container is-layout-flow wp-block-cover-is-layout-flow\">\n<div style=\"height:23px\" aria-hidden=\"true\" class=\"wp-block-spacer\"><\/div>\n<\/div><\/div>\n\n\n\n<hr class=\"wp-block-separator has-alpha-channel-opacity\"\/>\n\n\n\n<p class=\"has-black-color has-text-color\">Somos<strong>&nbsp;GRUAS Y MONTACARGAS SUNMAR S.A.C.&nbsp;<\/strong>una empresa 100% peruana compuesta por personal de gran experiencia especializados en maniobras de izaje, descarga y movimiento, as\u00ed como transporte de carga pesada, equipos de grandes dimensiones, pesos y tecnol\u00f3gicamente sofisticados.<\/p>\n\n\n\n<p class=\"has-black-color has-text-color\">Un 18 de abril del 2008 nace esta empresa a manos del se\u00f1or Andres Gomez Mendoza y al d\u00eda de hoy contamos con m\u00e1s de 17 a\u00f1os de experiencia en este rubro, nuestro compromiso es trabajar constantemente para brindarte el mejor servicio en soluciones integrales para tus necesidades en elevaci\u00f3n, aceptando a\u00f1o a a\u00f1o nuevos desaf\u00edos que nos han dado la m\u00e1s amplia experiencia.<\/p>\n\n\n\n<div class=\"wp-block-columns is-layout-flex wp-container-core-columns-is-layout-1 wp-block-columns-is-layout-flex\">\n<div class=\"wp-block-column is-layout-flow wp-block-column-is-layout-flow\">\n<figure class=\"wp-block-image size-large\"><img loading=\"lazy\" decoding=\"async\" width=\"1067\" height=\"600\" src=\"https:\/\/gruasymontacargas.com\/wp-content\/uploads\/2025\/06\/WhatsApp-Image-2023-03-29-at-5.16.49-PM-edited.jpeg\" alt=\"\" class=\"wp-image-448\" srcset=\"https:\/\/gruasymontacargas.com\/wp-content\/uploads\/2025\/06\/WhatsApp-Image-2023-03-29-at-5.16.49-PM-edited.jpeg 1067w, https:\/\/gruasymontacargas.com\/wp-content\/uploads\/2025\/06\/WhatsApp-Image-2023-03-29-at-5.16.49-PM-edited-300x169.jpeg 300w, https:\/\/gruasymontacargas.com\/wp-content\/uploads\/2025\/06\/WhatsApp-Image-2023-03-29-at-5.16.49-PM-edited-1024x576.jpeg 1024w, https:\/\/gruasymontacargas.com\/wp-content\/uploads\/2025\/06\/WhatsApp-Image-2023-03-29-at-5.16.49-PM-edited-768x432.jpeg 768w\" sizes=\"(max-width: 1067px) 100vw, 1067px\" \/><\/figure>\n<\/div>\n\n\n\n<div class=\"wp-block-column is-layout-flow wp-block-column-is-layout-flow\">\n<p class=\"has-black-color has-text-color\">Con la disponibilidad de atender tus proyectos en los sectores de miner\u00eda, energ\u00eda, construcci\u00f3n e industria en general.<\/p>\n\n\n\n<p class=\"has-black-color has-text-color\">Adem\u00e1s de poseer una potente y moderna maquinaria con los m\u00e1s altos est\u00e1ndares de seguridad y manejadas por personal altamente capacitado.<\/p>\n<\/div>\n<\/div>\n\n\n\n<hr class=\"wp-block-separator has-alpha-channel-opacity is-style-dots\"\/>\n\n\n\n<p class=\"has-black-color has-text-color has-large-font-size\"><strong>\u00a1Tenemos lo que Ud. necesita!<\/strong><\/p>\n\n\n\n<div class=\"wp-block-columns is-layout-flex wp-container-core-columns-is-layout-2 wp-block-columns-is-layout-flex\">\n<div class=\"wp-block-column is-layout-flow wp-block-column-is-layout-flow\">\n<figure class=\"wp-block-image size-full is-resized\"><img loading=\"lazy\" decoding=\"async\" width=\"969\" height=\"793\" src=\"https:\/\/gruasymontacargas.com\/wp-content\/uploads\/2025\/06\/WhatsApp-Image-2022-09-25-at-8.42.31-AM-5.jpeg\" alt=\"\" class=\"wp-image-484\" style=\"width:395px;height:auto\" srcset=\"https:\/\/gruasymontacargas.com\/wp-content\/uploads\/2025\/06\/WhatsApp-Image-2022-09-25-at-8.42.31-AM-5.jpeg 969w, https:\/\/gruasymontacargas.com\/wp-content\/uploads\/2025\/06\/WhatsApp-Image-2022-09-25-at-8.42.31-AM-5-300x246.jpeg 300w, https:\/\/gruasymontacargas.com\/wp-content\/uploads\/2025\/06\/WhatsApp-Image-2022-09-25-at-8.42.31-AM-5-768x629.jpeg 768w\" sizes=\"(max-width: 969px) 100vw, 969px\" \/><\/figure>\n<\/div>\n\n\n\n<div class=\"wp-block-column is-layout-flow wp-block-column-is-layout-flow\">\n<p class=\"has-black-color has-text-color has-medium-font-size\"><strong>Misi\u00f3n<\/strong><\/p>\n\n\n\n<p class=\"has-text-align-center has-black-color has-text-color\">Brindamos seguridad y garant\u00eda en cada operaci\u00f3n de montacargas y maniobras de gr\u00faas. Para ello contamos con un plan de seguridad y desarrollamos un an\u00e1lisis de trabajo seguro en cada servicio o maniobra a realizar pues contamos con personal operativo altamente capacitado.<\/p>\n<\/div>\n<\/div>\n\n\n\n<div class=\"wp-block-columns is-layout-flex wp-container-core-columns-is-layout-3 wp-block-columns-is-layout-flex\">\n<div class=\"wp-block-column is-layout-flow wp-block-column-is-layout-flow\" style=\"flex-basis:33.33%\">\n<p class=\"has-black-color has-text-color has-link-color has-medium-font-size wp-elements-9f5480f8d3c41f91358149295520b8a0\"><strong>Visi\u00f3n<\/strong><\/p>\n\n\n\n<p class=\"has-text-align-center has-black-color has-text-color has-link-color wp-elements-1139c5789a87f5cad40a9d0105442c02\">Ser reconocida como la empresa m\u00e1s importante y s\u00f3lida del Per\u00fa, manteniendo un liderazgo en el mercado mediante la oferta de servicio de calidad y satisfacci\u00f3n de nuestros clientes siendo su mayor proveedor en el rubro. Asimismo, ser una empresa atractiva para nuestros colaboradores.<\/p>\n<\/div>\n\n\n\n<div class=\"wp-block-column is-layout-flow wp-block-column-is-layout-flow\" style=\"flex-basis:66.66%\">\n<figure class=\"wp-block-image size-large is-resized\"><img loading=\"lazy\" decoding=\"async\" width=\"1024\" height=\"531\" src=\"https:\/\/gruasymontacargas.com\/wp-content\/uploads\/2025\/06\/WhatsApp-Image-2024-03-16-at-2.48.44-PM-1-2-1024x531.jpeg\" alt=\"\" class=\"wp-image-486\" style=\"width:573px;height:auto\" srcset=\"https:\/\/gruasymontacargas.com\/wp-content\/uploads\/2025\/06\/WhatsApp-Image-2024-03-16-at-2.48.44-PM-1-2-1024x531.jpeg 1024w, https:\/\/gruasymontacargas.com\/wp-content\/uploads\/2025\/06\/WhatsApp-Image-2024-03-16-at-2.48.44-PM-1-2-300x156.jpeg 300w, https:\/\/gruasymontacargas.com\/wp-content\/uploads\/2025\/06\/WhatsApp-Image-2024-03-16-at-2.48.44-PM-1-2-768x398.jpeg 768w, https:\/\/gruasymontacargas.com\/wp-content\/uploads\/2025\/06\/WhatsApp-Image-2024-03-16-at-2.48.44-PM-1-2.jpeg 1200w\" sizes=\"(max-width: 1024px) 100vw, 1024px\" \/><\/figure>\n<\/div>\n<\/div>\n\n\n\n<hr class=\"wp-block-separator has-alpha-channel-opacity is-style-dots\"\/>\n\n\n\n<div class=\"wp-block-columns is-layout-flex wp-container-core-columns-is-layout-4 wp-block-columns-is-layout-flex\">\n<div class=\"wp-block-column is-layout-flow wp-block-column-is-layout-flow\">\n<figure class=\"wp-block-image size-full is-resized\"><img loading=\"lazy\" decoding=\"async\" width=\"1023\" height=\"809\" src=\"https:\/\/gruasymontacargas.com\/wp-content\/uploads\/2025\/06\/WhatsApp-Image-2023-08-18-at-2.31.30-PM-4.jpeg\" alt=\"\" class=\"wp-image-444\" style=\"width:258px;height:auto\" srcset=\"https:\/\/gruasymontacargas.com\/wp-content\/uploads\/2025\/06\/WhatsApp-Image-2023-08-18-at-2.31.30-PM-4.jpeg 1023w, https:\/\/gruasymontacargas.com\/wp-content\/uploads\/2025\/06\/WhatsApp-Image-2023-08-18-at-2.31.30-PM-4-300x237.jpeg 300w, https:\/\/gruasymontacargas.com\/wp-content\/uploads\/2025\/06\/WhatsApp-Image-2023-08-18-at-2.31.30-PM-4-768x607.jpeg 768w\" sizes=\"(max-width: 1023px) 100vw, 1023px\" \/><\/figure>\n\n\n\n<p class=\"has-black-color has-text-color has-medium-font-size\"><strong>Valores<\/strong><\/p>\n\n\n\n<p><strong>Responsabilidad:<\/strong> Trabajamos responsablemente garantizando seguridad y protecci\u00f3n del medio ambiente.<\/p>\n\n\n\n<p><strong>Trabajo en equipo:<\/strong> Estamos convencidos que un equipo coordinado siempre obtiene los mejores resultados.<\/p>\n\n\n\n<p><strong>Puntualidad: <\/strong>Valoramos el tiempo de nuestros clientes y es primordial cumplir con nuestro servicio a tiempo<\/p>\n\n\n\n<p><strong>Compromiso: <\/strong>Estamos comprometidos con nuestro trabajo y con los resultados para nuestros clientes.<\/p>\n<\/div>\n\n\n\n<div class=\"wp-block-column is-layout-flow wp-block-column-is-layout-flow\">\n<figure class=\"wp-block-image size-full is-resized\"><img loading=\"lazy\" decoding=\"async\" width=\"397\" height=\"362\" src=\"https:\/\/gruasymontacargas.com\/wp-content\/uploads\/2023\/04\/Screenshot_1030.png\" alt=\"\" class=\"wp-image-345\" style=\"width:224px;height:auto\" srcset=\"https:\/\/gruasymontacargas.com\/wp-content\/uploads\/2023\/04\/Screenshot_1030.png 397w, https:\/\/gruasymontacargas.com\/wp-content\/uploads\/2023\/04\/Screenshot_1030-300x274.png 300w\" sizes=\"(max-width: 397px) 100vw, 397px\" \/><\/figure>\n\n\n\n<p class=\"has-black-color has-text-color has-medium-font-size\"><strong>Mejora continua<\/strong><\/p>\n\n\n\n<p>Estamos comprometidos y nuestro fin es hacer que cada uno de nuestros clientes se sienta satisfecho. Por eso nuestra cartera de clientes, no solo repite, sino que nos recomiendan como&nbsp;proveedores.<\/p>\n\n\n\n<p>En Gruas y Montacargas Sunmar S.A.C. contamos con el mejor equipo humano, profesionales en el rubro a su vez reciben jornadas de formaci\u00f3n en materia tecnol\u00f3gica, t\u00e9cnica, seguridad, salud y sensibilidad de los riesgos de trabajo asi como tambien contamos con&nbsp;formularios de evaluaci\u00f3n&nbsp;del servicio&nbsp;a disposici\u00f3n del cliente para la obtenci\u00f3n de un feedback real.<\/p>\n<\/div>\n\n\n\n<div class=\"wp-block-column is-layout-flow wp-block-column-is-layout-flow\">\n<figure class=\"wp-block-image size-full is-resized\"><img loading=\"lazy\" decoding=\"async\" width=\"348\" height=\"320\" src=\"https:\/\/gruasymontacargas.com\/wp-content\/uploads\/2023\/04\/Screenshot_1028.png\" alt=\"\" class=\"wp-image-343\" style=\"width:221px;height:auto\" srcset=\"https:\/\/gruasymontacargas.com\/wp-content\/uploads\/2023\/04\/Screenshot_1028.png 348w, https:\/\/gruasymontacargas.com\/wp-content\/uploads\/2023\/04\/Screenshot_1028-300x276.png 300w\" sizes=\"(max-width: 348px) 100vw, 348px\" \/><\/figure>\n\n\n\n<p class=\"has-black-color has-text-color has-medium-font-size\"><strong>Pol\u00edtica de calidad<\/strong><\/p>\n\n\n\n<p class=\"has-black-color has-text-color\">En cada servicio se encuentra nuestro jefe de operaciones quien se encarga de la&nbsp;supervisi\u00f3n de la ejecuci\u00f3n de los diferentes servicios que brindamos. De esta forma, nos aseguramos de mantener la situaci\u00f3n bajo las directrices que se formularon en el momento del estudio previo a la realizaci\u00f3n de los trabajos, siendo esta la persona, adem\u00e1s, responsable de velar por la&nbsp;seguridad&nbsp;de todo el equipo.<\/p>\n<\/div>\n<\/div>\n\n\n\n<hr class=\"wp-block-separator has-alpha-channel-opacity is-style-dots\"\/>\n\n\n\n<h1 class=\"wp-block-heading has-black-color has-text-color\">NUESTROS CLIENTES NOS AVALAN <\/h1>\n\n\n\n<p>\ud83d\udc77\ud83c\udffb\u200d\u2640\ufe0f\ud83d\udc77\ud83c\udffb\u200d\u2642\ufe0f Agradecemos a nuestros clientes la confianza depositada en nuestra experiencia y equipo de trabajo.<\/p>\n\n\n\n<p>Gracias por estar siempre con nosotros. Su apoyo y su fidelidad son las que nos han permitido llegar tan alto.<\/p>\n\n\n\n<figure class=\"wp-block-image size-large\"><img loading=\"lazy\" decoding=\"async\" width=\"1024\" height=\"577\" src=\"https:\/\/gruasymontacargas.com\/wp-content\/uploads\/2023\/04\/Diseno-sin-titulo-21-1024x577.png\" alt=\"\" class=\"wp-image-328\" srcset=\"https:\/\/gruasymontacargas.com\/wp-content\/uploads\/2023\/04\/Diseno-sin-titulo-21-1024x577.png 1024w, https:\/\/gruasymontacargas.com\/wp-content\/uploads\/2023\/04\/Diseno-sin-titulo-21-300x169.png 300w, https:\/\/gruasymontacargas.com\/wp-content\/uploads\/2023\/04\/Diseno-sin-titulo-21-768x433.png 768w, https:\/\/gruasymontacargas.com\/wp-content\/uploads\/2023\/04\/Diseno-sin-titulo-21-1536x866.png 1536w, https:\/\/gruasymontacargas.com\/wp-content\/uploads\/2023\/04\/Diseno-sin-titulo-21-2048x1154.png 2048w, https:\/\/gruasymontacargas.com\/wp-content\/uploads\/2023\/04\/Diseno-sin-titulo-21-2000x1127.png 2000w\" sizes=\"(max-width: 1024px) 100vw, 1024px\" \/><\/figure>\n\n\n\n<h1 class=\"wp-block-heading\">Brindamos servicio en Lima, Huacho, Chancay, Vegueta, Medio Mundo, Barranca, Paramonga as\u00ed como en toda la provincia de Huaura, Huarmey y al norte del Per\u00fa.<\/h1>\n","protected":false},"excerpt":{"rendered":"<p>Somos&nbsp;GRUAS Y MONTACARGAS SUNMAR S.A.C.&nbsp;una empresa 100% peruana compuesta por personal de gran experiencia especializados en maniobras de izaje, descarga y movimiento, as\u00ed como transporte de carga pesada, equipos de grandes dimensiones, pesos y tecnol\u00f3gicamente sofisticados. Un 18 de abril del 2008 nace esta empresa a manos del se\u00f1or Andres Gomez Mendoza y al d\u00eda &hellip; <\/p>\n<p class=\"link-more\"><a href=\"https:\/\/gruasymontacargas.com\/?page_id=24\" class=\"more-link\">Read more<span class=\"screen-reader-text\"> \u00abNosotros\u00bb<\/span><\/a><\/p>\n","protected":false},"author":1,"featured_media":0,"parent":0,"menu_order":0,"comment_status":"closed","ping_status":"closed","template":"","meta":{"om_disable_all_campaigns":false,"_monsterinsights_skip_tracking":false,"_monsterinsights_sitenote_active":false,"_monsterinsights_sitenote_note":"","_monsterinsights_sitenote_category":0,"footnotes":""},"aioseo_notices":[],"_links":{"self":[{"href":"https:\/\/gruasymontacargas.com\/index.php?rest_route=\/wp\/v2\/pages\/24"}],"collection":[{"href":"https:\/\/gruasymontacargas.com\/index.php?rest_route=\/wp\/v2\/pages"}],"about":[{"href":"https:\/\/gruasymontacargas.com\/index.php?rest_route=\/wp\/v2\/types\/page"}],"author":[{"embeddable":true,"href":"https:\/\/gruasymontacargas.com\/index.php?rest_route=\/wp\/v2\/users\/1"}],"replies":[{"embeddable":true,"href":"https:\/\/gruasymontacargas.com\/index.php?rest_route=%2Fwp%2Fv2%2Fcomments&post=24"}],"version-history":[{"count":37,"href":"https:\/\/gruasymontacargas.com\/index.php?rest_route=\/wp\/v2\/pages\/24\/revisions"}],"predecessor-version":[{"id":489,"href":"https:\/\/gruasymontacargas.com\/index.php?rest_route=\/wp\/v2\/pages\/24\/revisions\/489"}],"wp:attachment":[{"href":"https:\/\/gruasymontacargas.com\/index.php?rest_route=%2Fwp%2Fv2%2Fmedia&parent=24"}],"curies":[{"name":"wp","href":"https:\/\/api.w.org\/{rel}","templated":true}]}}